{"id":1000,"date":"2020-10-01T14:27:09","date_gmt":"2020-10-01T14:27:09","guid":{"rendered":"https:\/\/cacma.fin.ec\/?page_id=1000"},"modified":"2022-11-18T21:04:42","modified_gmt":"2022-11-18T21:04:42","slug":"cooperativa","status":"publish","type":"page","link":"https:\/\/cacma.fin.ec\/?page_id=1000","title":{"rendered":"La Cooperativa"},"content":{"rendered":"\t\t<div data-elementor-type=\"wp-page\" data-elementor-id=\"1000\" class=\"elementor elementor-1000\">\n\t\t\t\t\t\t<div class=\"elementor-inner\">\n\t\t\t\t<div class=\"elementor-section-wrap\">\n\t\t\t\t\t\t\t\t\t<section class=\"elementor-section elementor-top-section elementor-element elementor-element-bbdc4d4 elementor-section-full_width elementor-section-stretched elementor-section-height-default elementor-section-height-default\" data-id=\"bbdc4d4\" data-element_type=\"section\" data-settings=\"{&quot;stretch_section&quot;:&quot;section-stretched&quot;}\">\n\t\t\t\t\t\t<div class=\"elementor-container elementor-column-gap-default\">\n\t\t\t\t\t\t\t<div class=\"elementor-row\">\n\t\t\t\t\t<div class=\"elementor-column elementor-col-100 elementor-top-column elementor-element elementor-element-8f5c184\" data-id=\"8f5c184\" data-element_type=\"column\" data-settings=\"{&quot;background_background&quot;:&quot;classic&quot;}\">\n\t\t\t<div class=\"elementor-column-wrap elementor-element-populated\">\n\t\t\t\t\t\t\t<div class=\"elementor-widget-wrap\">\n\t\t\t\t\t\t<div class=\"elementor-element elementor-element-8ab3c77 elementor-hidden-phone elementor-invisible elementor-widget elementor-widget-heading\" data-id=\"8ab3c77\" data-element_type=\"widget\" data-settings=\"{&quot;_animation&quot;:&quot;fadeInLeft&quot;}\" data-widget_type=\"heading.default\">\n\t\t\t\t<div class=\"elementor-widget-container\">\n\t\t\t<h2 class=\"elementor-heading-title elementor-size-large\">Nuestra historia<\/h2>\t\t<\/div>\n\t\t\t\t<\/div>\n\t\t\t\t<div class=\"elementor-element elementor-element-e53a65c elementor-invisible elementor-widget elementor-widget-text-editor\" data-id=\"e53a65c\" data-element_type=\"widget\" data-settings=\"{&quot;_animation&quot;:&quot;fadeIn&quot;}\" data-widget_type=\"text-editor.default\">\n\t\t\t\t<div class=\"elementor-widget-container\">\n\t\t\t\t\t\t\t\t<div class=\"elementor-text-editor elementor-clearfix\">\n\t\t\t\t<p>El 14 de mayo de 1993, con la participaci\u00f3n de 50 funcionarios del Municipio de Azogues, se realiz\u00f3 la primera asamblea, cuyo prop\u00f3sito fue el de conocer y analizar sobre los beneficios y ventajas que el sistema cooperativo ofrec\u00eda, resolviendo fundar la Pre Cooperativa de Ahorro y Cr\u00e9dito de Empleados y Trabajadores del Ilustre Municipio de Azogues, designando su Directorio Provisional, mismo que fue presidido por el Eco. Marcelo Andrade Morocho, suscribi\u00e9ndose el acta constitutiva por los asistentes, de conformidad con lo dispuesto en el art\u00edculo 7 del Reglamento General de la Ley de Cooperativas.<\/p><p>El 27 de septiembre de 1999, mediante Acuerdo No. 024469, el Ministro de Bienestar Social, aprob\u00f3 el Estatuto y concedi\u00f3 personer\u00eda jur\u00eddica; y le otorg\u00f3 la calidad de Cooperativa de Ahorro y Cr\u00e9dito de los Empleados y Trabajadores de la Ilustre Municipalidad de Azogues \u00abCACMA\u00bb Ltda., con domicilio en la ciudad de Azogues, Cant\u00f3n Azogues, Provincia del Ca\u00f1ar.<\/p><p>El 11 de mayo de 2013, a trav\u00e9s de la Resoluci\u00f3n No SEPS-ROEPS-2013-000888, la Superintendencia de Econom\u00eda Popular y Solidaria, aprob\u00f3 la primera reforma a los estatutos de la Cooperativa de conformidad a lo establecido en la primera disposici\u00f3n transitoria de la Ley Org\u00e1nica de la Econom\u00eda Popular y Solidaria y del Sector Financiero Popular y Solidario, en la cual se estableci\u00f3 que son Socios los servidores y ex servidores del GAD Municipal de Azogues y de la EMAPAL-EP.<\/p><p>En la actualidad, nuestra organizaci\u00f3n se encuentra conformada por 250 Socios, y quienes estamos al frente de la misma hemos asumido con responsabilidad las tareas encomendadas, teniendo como objetivo principal el buen vivir de los agremiados y sus familias; es as\u00ed, que ya han transcurrido 24 a\u00f1os de vida institucional, brindando servicios \u00e1giles, eficientes y oportunos en materia financiera.<\/p><p>Eco. Telmo Vicente Ortega Tapia Mgs.<br \/><strong>GERENTE GENERAL CACMA LTDA.<\/strong><\/p>\t\t\t\t\t<\/div>\n\t\t\t\t\t\t<\/div>\n\t\t\t\t<\/div>\n\t\t\t\t<div class=\"elementor-element elementor-element-7f57511 elementor-align-center elementor-invisible elementor-widget elementor-widget-button\" data-id=\"7f57511\" data-element_type=\"widget\" data-settings=\"{&quot;_animation&quot;:&quot;fadeInDown&quot;}\" data-widget_type=\"button.default\">\n\t\t\t\t<div class=\"elementor-widget-container\">\n\t\t\t\t\t<div class=\"elementor-button-wrapper\">\n\t\t\t<a href=\"https:\/\/cacma.fin.ec\/cooperativa\/quienes-somos\/\" class=\"elementor-button-link elementor-button elementor-size-xl\" role=\"button\">\n\t\t\t\t\t\t<span class=\"elementor-button-content-wrapper\">\n\t\t\t\t\t\t<span class=\"elementor-button-text\">Quienes Somos<\/span>\n\t\t<\/span>\n\t\t\t\t\t<\/a>\n\t\t<\/div>\n\t\t\t\t<\/div>\n\t\t\t\t<\/div>\n\t\t\t\t<div class=\"elementor-element elementor-element-f26e04a elementor-align-center elementor-invisible elementor-widget elementor-widget-button\" data-id=\"f26e04a\" data-element_type=\"widget\" data-settings=\"{&quot;_animation&quot;:&quot;fadeInDown&quot;}\" data-widget_type=\"button.default\">\n\t\t\t\t<div class=\"elementor-widget-container\">\n\t\t\t\t\t<div class=\"elementor-button-wrapper\">\n\t\t\t<a href=\"https:\/\/cacma.fin.ec\/cooperativa\/nosotros\/\" class=\"elementor-button-link elementor-button elementor-size-xl\" role=\"button\">\n\t\t\t\t\t\t<span class=\"elementor-button-content-wrapper\">\n\t\t\t\t\t\t<span class=\"elementor-button-text\">Nuestro Equipo<\/span>\n\t\t<\/span>\n\t\t\t\t\t<\/a>\n\t\t<\/div>\n\t\t\t\t<\/div>\n\t\t\t\t<\/div>\n\t\t\t\t\t\t<\/div>\n\t\t\t\t\t<\/div>\n\t\t<\/div>\n\t\t\t\t\t\t\t\t<\/div>\n\t\t\t\t\t<\/div>\n\t\t<\/section>\n\t\t\t\t<section class=\"elementor-section elementor-top-section elementor-element elementor-element-a2e1c35 elementor-section-content-top elementor-section-boxed elementor-section-height-default elementor-section-height-default elementor-invisible\" data-id=\"a2e1c35\" data-element_type=\"section\" data-settings=\"{&quot;background_background&quot;:&quot;classic&quot;,&quot;animation&quot;:&quot;fadeIn&quot;}\">\n\t\t\t\t\t\t\t<div class=\"elementor-background-overlay\"><\/div>\n\t\t\t\t\t\t\t<div class=\"elementor-container elementor-column-gap-wider\">\n\t\t\t\t\t\t\t<div class=\"elementor-row\">\n\t\t\t\t\t<div class=\"elementor-column elementor-col-100 elementor-top-column elementor-element elementor-element-50d4b79\" data-id=\"50d4b79\" data-element_type=\"column\" data-settings=\"{&quot;background_background&quot;:&quot;gradient&quot;}\">\n\t\t\t<div class=\"elementor-column-wrap\">\n\t\t\t\t\t\t\t<div class=\"elementor-widget-wrap\">\n\t\t\t\t\t\t\t\t<\/div>\n\t\t\t\t\t<\/div>\n\t\t<\/div>\n\t\t\t\t\t\t\t\t<\/div>\n\t\t\t\t\t<\/div>\n\t\t<\/section>\n\t\t\t\t<section class=\"elementor-section elementor-top-section elementor-element elementor-element-b130f16 elementor-section-boxed elementor-section-height-default elementor-section-height-default\" data-id=\"b130f16\" data-element_type=\"section\">\n\t\t\t\t\t\t<div class=\"elementor-container elementor-column-gap-default\">\n\t\t\t\t\t\t\t<div class=\"elementor-row\">\n\t\t\t\t\t<div class=\"elementor-column elementor-col-100 elementor-top-column elementor-element elementor-element-a705ba5\" data-id=\"a705ba5\" data-element_type=\"column\">\n\t\t\t<div class=\"elementor-column-wrap elementor-element-populated\">\n\t\t\t\t\t\t\t<div class=\"elementor-widget-wrap\">\n\t\t\t\t\t\t<div class=\"elementor-element elementor-element-df4a3da elementor-widget elementor-widget-spacer\" data-id=\"df4a3da\" data-element_type=\"widget\" data-widget_type=\"spacer.default\">\n\t\t\t\t<div class=\"elementor-widget-container\">\n\t\t\t\t\t<div class=\"elementor-spacer\">\n\t\t\t<div class=\"elementor-spacer-inner\"><\/div>\n\t\t<\/div>\n\t\t\t\t<\/div>\n\t\t\t\t<\/div>\n\t\t\t\t\t\t<\/div>\n\t\t\t\t\t<\/div>\n\t\t<\/div>\n\t\t\t\t\t\t\t\t<\/div>\n\t\t\t\t\t<\/div>\n\t\t<\/section>\n\t\t\t\t<section class=\"elementor-section elementor-top-section elementor-element elementor-element-2d05df4 elementor-section-boxed elementor-section-height-default elementor-section-height-default\" data-id=\"2d05df4\" data-element_type=\"section\">\n\t\t\t\t\t\t<div class=\"elementor-container elementor-column-gap-default\">\n\t\t\t\t\t\t\t<div class=\"elementor-row\">\n\t\t\t\t\t<div class=\"elementor-column elementor-col-100 elementor-top-column elementor-element elementor-element-a2d10c4\" data-id=\"a2d10c4\" data-element_type=\"column\">\n\t\t\t<div class=\"elementor-column-wrap\">\n\t\t\t\t\t\t\t<div class=\"elementor-widget-wrap\">\n\t\t\t\t\t\t\t\t<\/div>\n\t\t\t\t\t<\/div>\n\t\t<\/div>\n\t\t\t\t\t\t\t\t<\/div>\n\t\t\t\t\t<\/div>\n\t\t<\/section>\n\t\t\t\t\t\t\t\t\t<\/div>\n\t\t\t<\/div>\n\t\t\t\t\t<\/div>\n\t\t","protected":false},"excerpt":{"rendered":"<p>Nuestra historia El 14 de mayo de 1993, con la participaci\u00f3n de 50 funcionarios del Municipio de Azogues, se realiz\u00f3 la primera asamblea, cuyo prop\u00f3sito fue el de conocer y analizar sobre los beneficios y ventajas que el sistema cooperativo ofrec\u00eda, resolviendo fundar la Pre Cooperativa de Ahorro y Cr\u00e9dito de Empleados y Trabajadores del &hellip;<\/p>\n<p class=\"read-more\"> <a class=\"\" href=\"https:\/\/cacma.fin.ec\/?page_id=1000\"> <span class=\"screen-reader-text\">La Cooperativa<\/span> Leer m\u00e1s &raquo;<\/a><\/p>\n","protected":false},"author":1,"featured_media":0,"parent":0,"menu_order":2,"comment_status":"closed","ping_status":"closed","template":"","meta":{"_joinchat":[]},"_links":{"self":[{"href":"https:\/\/cacma.fin.ec\/index.php?rest_route=\/wp\/v2\/pages\/1000"}],"collection":[{"href":"https:\/\/cacma.fin.ec\/index.php?rest_route=\/wp\/v2\/pages"}],"about":[{"href":"https:\/\/cacma.fin.ec\/index.php?rest_route=\/wp\/v2\/types\/page"}],"author":[{"embeddable":true,"href":"https:\/\/cacma.fin.ec\/index.php?rest_route=\/wp\/v2\/users\/1"}],"replies":[{"embeddable":true,"href":"https:\/\/cacma.fin.ec\/index.php?rest_route=%2Fwp%2Fv2%2Fcomments&post=1000"}],"version-history":[{"count":15,"href":"https:\/\/cacma.fin.ec\/index.php?rest_route=\/wp\/v2\/pages\/1000\/revisions"}],"predecessor-version":[{"id":1967,"href":"https:\/\/cacma.fin.ec\/index.php?rest_route=\/wp\/v2\/pages\/1000\/revisions\/1967"}],"wp:attachment":[{"href":"https:\/\/cacma.fin.ec\/index.php?rest_route=%2Fwp%2Fv2%2Fmedia&parent=1000"}],"curies":[{"name":"wp","href":"https:\/\/api.w.org\/{rel}","templated":true}]}}