{"id":897,"date":"2020-08-27T18:21:59","date_gmt":"2020-08-27T18:21:59","guid":{"rendered":"https:\/\/cacma.fin.ec\/?page_id=897"},"modified":"2022-11-14T04:49:33","modified_gmt":"2022-11-14T04:49:33","slug":"creditos","status":"publish","type":"page","link":"https:\/\/cacma.fin.ec\/?page_id=897","title":{"rendered":"Cr\u00e9ditos"},"content":{"rendered":"\t\t<div data-elementor-type=\"wp-page\" data-elementor-id=\"897\" class=\"elementor elementor-897\">\n\t\t\t\t\t\t<div class=\"elementor-inner\">\n\t\t\t\t<div class=\"elementor-section-wrap\">\n\t\t\t\t\t\t\t\t\t<section class=\"elementor-section elementor-top-section elementor-element elementor-element-7cf4aaf elementor-section-boxed elementor-section-height-default elementor-section-height-default\" data-id=\"7cf4aaf\" data-element_type=\"section\">\n\t\t\t\t\t\t<div class=\"elementor-container elementor-column-gap-default\">\n\t\t\t\t\t\t\t<div class=\"elementor-row\">\n\t\t\t\t\t<div class=\"elementor-column elementor-col-100 elementor-top-column elementor-element elementor-element-cf16060\" data-id=\"cf16060\" data-element_type=\"column\">\n\t\t\t<div class=\"elementor-column-wrap elementor-element-populated\">\n\t\t\t\t\t\t\t<div class=\"elementor-widget-wrap\">\n\t\t\t\t\t\t<div class=\"elementor-element elementor-element-ac856be elementor-widget elementor-widget-image\" data-id=\"ac856be\" data-element_type=\"widget\" data-widget_type=\"image.default\">\n\t\t\t\t<div class=\"elementor-widget-container\">\n\t\t\t\t\t\t\t\t<div class=\"elementor-image\">\n\t\t\t\t\t\t\t\t\t\t\t\t<img width=\"1024\" height=\"361\" src=\"https:\/\/cacma.fin.ec\/wp-content\/uploads\/2022\/08\/creditos-nuevo-1024x361.png\" class=\"attachment-large size-large\" alt=\"\" loading=\"lazy\" srcset=\"https:\/\/cacma.fin.ec\/wp-content\/uploads\/2022\/08\/creditos-nuevo-1024x361.png 1024w, https:\/\/cacma.fin.ec\/wp-content\/uploads\/2022\/08\/creditos-nuevo-300x106.png 300w, https:\/\/cacma.fin.ec\/wp-content\/uploads\/2022\/08\/creditos-nuevo-768x271.png 768w, https:\/\/cacma.fin.ec\/wp-content\/uploads\/2022\/08\/creditos-nuevo-1536x542.png 1536w, https:\/\/cacma.fin.ec\/wp-content\/uploads\/2022\/08\/creditos-nuevo-2048x723.png 2048w\" sizes=\"(max-width: 1024px) 100vw, 1024px\" \/>\t\t\t\t\t\t\t\t\t\t\t\t\t\t<\/div>\n\t\t\t\t\t\t<\/div>\n\t\t\t\t<\/div>\n\t\t\t\t\t\t<\/div>\n\t\t\t\t\t<\/div>\n\t\t<\/div>\n\t\t\t\t\t\t\t\t<\/div>\n\t\t\t\t\t<\/div>\n\t\t<\/section>\n\t\t\t\t<section class=\"elementor-section elementor-top-section elementor-element elementor-element-5e05e1e elementor-section-boxed elementor-section-height-default elementor-section-height-default\" data-id=\"5e05e1e\" data-element_type=\"section\">\n\t\t\t\t\t\t<div class=\"elementor-container elementor-column-gap-default\">\n\t\t\t\t\t\t\t<div class=\"elementor-row\">\n\t\t\t\t\t<div class=\"elementor-column elementor-col-100 elementor-top-column elementor-element elementor-element-96223ca\" data-id=\"96223ca\" data-element_type=\"column\">\n\t\t\t<div class=\"elementor-column-wrap elementor-element-populated\">\n\t\t\t\t\t\t\t<div class=\"elementor-widget-wrap\">\n\t\t\t\t\t\t<div class=\"elementor-element elementor-element-3e6acac elementor-widget elementor-widget-heading\" data-id=\"3e6acac\" data-element_type=\"widget\" data-widget_type=\"heading.default\">\n\t\t\t\t<div class=\"elementor-widget-container\">\n\t\t\t<h2 class=\"elementor-heading-title elementor-size-large\">CR\u00c9DITO de consumo PLAZO FIJO<gwmw style=\"display:none;\"><\/gwmw><\/h2>\t\t<\/div>\n\t\t\t\t<\/div>\n\t\t\t\t<section class=\"elementor-section elementor-inner-section elementor-element elementor-element-fa3f1ca elementor-reverse-mobile elementor-section-boxed elementor-section-height-default elementor-section-height-default\" data-id=\"fa3f1ca\" data-element_type=\"section\">\n\t\t\t\t\t\t<div class=\"elementor-container elementor-column-gap-wider\">\n\t\t\t\t\t\t\t<div class=\"elementor-row\">\n\t\t\t\t\t<div class=\"elementor-column elementor-col-100 elementor-inner-column elementor-element elementor-element-77ec596\" data-id=\"77ec596\" data-element_type=\"column\">\n\t\t\t<div class=\"elementor-column-wrap elementor-element-populated\">\n\t\t\t\t\t\t\t<div class=\"elementor-widget-wrap\">\n\t\t\t\t\t\t<div class=\"elementor-element elementor-element-8730161 elementor-view-framed elementor-position-left elementor-shape-circle elementor-mobile-position-top elementor-vertical-align-top elementor-widget elementor-widget-icon-box\" data-id=\"8730161\" data-element_type=\"widget\" data-widget_type=\"icon-box.default\">\n\t\t\t\t<div class=\"elementor-widget-container\">\n\t\t\t\t\t<div class=\"elementor-icon-box-wrapper\">\n\t\t\t\t\t\t<div class=\"elementor-icon-box-icon\">\n\t\t\t\t<span class=\"elementor-icon elementor-animation-\" >\n\t\t\t\t<i aria-hidden=\"true\" class=\"fas fa-money-bill-wave\"><\/i>\t\t\t\t<\/span>\n\t\t\t<\/div>\n\t\t\t\t\t\t<div class=\"elementor-icon-box-content\">\n\t\t\t\t<h3 class=\"elementor-icon-box-title\">\n\t\t\t\t\t<span  >\n\t\t\t\t\t\tMontos desde $100,00 hasta $2000.00\t\t\t\t\t<\/span>\n\t\t\t\t<\/h3>\n\t\t\t\t\t\t\t\t\t<p class=\"elementor-icon-box-description\">\n\t\t\t\t\t\t<b>Plazo:<\/b> 90 d\u00edas.\n<b>T<span style=\"font-size: 27px; font-style: normal;\">asa de inter\u00e9s<\/span>:<\/b> 14%\t\t\t\t\t<\/p>\n\t\t\t\t\t\t\t<\/div>\n\t\t<\/div>\n\t\t\t\t<\/div>\n\t\t\t\t<\/div>\n\t\t\t\t<div class=\"elementor-element elementor-element-bf65c29 elementor-align-center elementor-widget elementor-widget-button\" data-id=\"bf65c29\" data-element_type=\"widget\" data-widget_type=\"button.default\">\n\t\t\t\t<div class=\"elementor-widget-container\">\n\t\t\t\t\t<div class=\"elementor-button-wrapper\">\n\t\t\t<a href=\"https:\/\/cacma.fin.ec\/contacto\" class=\"elementor-button-link elementor-button elementor-size-sm\" role=\"button\">\n\t\t\t\t\t\t<span class=\"elementor-button-content-wrapper\">\n\t\t\t\t\t\t<span class=\"elementor-button-text\">\u00a1PREGUNTA YA!<\/span>\n\t\t<\/span>\n\t\t\t\t\t<\/a>\n\t\t<\/div>\n\t\t\t\t<\/div>\n\t\t\t\t<\/div>\n\t\t\t\t\t\t<\/div>\n\t\t\t\t\t<\/div>\n\t\t<\/div>\n\t\t\t\t\t\t\t\t<\/div>\n\t\t\t\t\t<\/div>\n\t\t<\/section>\n\t\t\t\t\t\t<\/div>\n\t\t\t\t\t<\/div>\n\t\t<\/div>\n\t\t\t\t\t\t\t\t<\/div>\n\t\t\t\t\t<\/div>\n\t\t<\/section>\n\t\t\t\t<section class=\"elementor-section elementor-top-section elementor-element elementor-element-48fef3e elementor-section-stretched elementor-section-boxed elementor-section-height-default elementor-section-height-default\" data-id=\"48fef3e\" data-element_type=\"section\" data-settings=\"{&quot;stretch_section&quot;:&quot;section-stretched&quot;}\">\n\t\t\t\t\t\t<div class=\"elementor-container elementor-column-gap-default\">\n\t\t\t\t\t\t\t<div class=\"elementor-row\">\n\t\t\t\t\t<div class=\"elementor-column elementor-col-100 elementor-top-column elementor-element elementor-element-a1c8af4\" data-id=\"a1c8af4\" data-element_type=\"column\">\n\t\t\t<div class=\"elementor-column-wrap elementor-element-populated\">\n\t\t\t\t\t\t\t<div class=\"elementor-widget-wrap\">\n\t\t\t\t\t\t<div class=\"elementor-element elementor-element-8d7094c elementor-widget elementor-widget-heading\" data-id=\"8d7094c\" data-element_type=\"widget\" data-widget_type=\"heading.default\">\n\t\t\t\t<div class=\"elementor-widget-container\">\n\t\t\t<h2 class=\"elementor-heading-title elementor-size-large\">CR\u00c9DITO de consumo ORDINARIO<gwmw style=\"display:none;\"><\/gwmw><\/h2>\t\t<\/div>\n\t\t\t\t<\/div>\n\t\t\t\t<div class=\"elementor-element elementor-element-c39e5b5 elementor-view-framed elementor-position-left elementor-shape-circle elementor-mobile-position-top elementor-vertical-align-top elementor-widget elementor-widget-icon-box\" data-id=\"c39e5b5\" data-element_type=\"widget\" data-widget_type=\"icon-box.default\">\n\t\t\t\t<div class=\"elementor-widget-container\">\n\t\t\t\t\t<div class=\"elementor-icon-box-wrapper\">\n\t\t\t\t\t\t<div class=\"elementor-icon-box-icon\">\n\t\t\t\t<span class=\"elementor-icon elementor-animation-\" >\n\t\t\t\t<i aria-hidden=\"true\" class=\"fas fa-money-bill-wave\"><\/i>\t\t\t\t<\/span>\n\t\t\t<\/div>\n\t\t\t\t\t\t<div class=\"elementor-icon-box-content\">\n\t\t\t\t<h3 class=\"elementor-icon-box-title\">\n\t\t\t\t\t<span  >\n\t\t\t\t\t\tMontos desde $100,00 hasta $12000.00\t\t\t\t\t<\/span>\n\t\t\t\t<\/h3>\n\t\t\t\t\t\t\t\t\t<p class=\"elementor-icon-box-description\">\n\t\t\t\t\t\t<b>T<span style=\"font-size: 27px; font-style: normal;\">asa de inter\u00e9s<\/span>:<\/b> 12%\t\t\t\t\t<\/p>\n\t\t\t\t\t\t\t<\/div>\n\t\t<\/div>\n\t\t\t\t<\/div>\n\t\t\t\t<\/div>\n\t\t\t\t<section class=\"elementor-section elementor-inner-section elementor-element elementor-element-80104da elementor-reverse-mobile elementor-section-boxed elementor-section-height-default elementor-section-height-default\" data-id=\"80104da\" data-element_type=\"section\">\n\t\t\t\t\t\t<div class=\"elementor-container elementor-column-gap-wider\">\n\t\t\t\t\t\t\t<div class=\"elementor-row\">\n\t\t\t\t\t<div class=\"elementor-column elementor-col-50 elementor-inner-column elementor-element elementor-element-45d4583\" data-id=\"45d4583\" data-element_type=\"column\">\n\t\t\t<div class=\"elementor-column-wrap elementor-element-populated\">\n\t\t\t\t\t\t\t<div class=\"elementor-widget-wrap\">\n\t\t\t\t\t\t<div class=\"elementor-element elementor-element-a6442aa elementor-widget elementor-widget-image\" data-id=\"a6442aa\" data-element_type=\"widget\" data-widget_type=\"image.default\">\n\t\t\t\t<div class=\"elementor-widget-container\">\n\t\t\t\t\t\t\t\t<div class=\"elementor-image\">\n\t\t\t\t\t\t\t\t\t\t\t\t<img src=\"https:\/\/cacma.fin.ec\/wp-content\/uploads\/elementor\/thumbs\/tabla-creditos-p95nmd2k4bjhvi1lhl72czi8j3xabzo38tgtzygnew.png\" title=\"tabla-cr\u00e9ditos\" alt=\"tabla-cr\u00e9ditos\" \/>\t\t\t\t\t\t\t\t\t\t\t\t\t\t<\/div>\n\t\t\t\t\t\t<\/div>\n\t\t\t\t<\/div>\n\t\t\t\t\t\t<\/div>\n\t\t\t\t\t<\/div>\n\t\t<\/div>\n\t\t\t\t<div class=\"elementor-column elementor-col-50 elementor-inner-column elementor-element elementor-element-14a8af9\" data-id=\"14a8af9\" data-element_type=\"column\">\n\t\t\t<div class=\"elementor-column-wrap elementor-element-populated\">\n\t\t\t\t\t\t\t<div class=\"elementor-widget-wrap\">\n\t\t\t\t\t\t<div class=\"elementor-element elementor-element-bcaa15d elementor-widget elementor-widget-shortcode\" data-id=\"bcaa15d\" data-element_type=\"widget\" data-widget_type=\"shortcode.default\">\n\t\t\t\t<div class=\"elementor-widget-container\">\n\t\t\t\t\t<div class=\"elementor-shortcode\">\n                <div class='gf_browser_gecko gform_wrapper' id='gform_wrapper_1' ><form method='post' enctype='multipart\/form-data'  id='gform_1'  action='\/index.php?rest_route=%2Fwp%2Fv2%2Fpages%2F897'>\n                        <div class='gform_heading'>\n                            <h3 class='gform_title'>Datos Personales<\/h3>\n                            <span class='gform_description'>Ingresa tus datos personales<\/span>\n                        <\/div>\n                        <div class='gform_body'><ul id='gform_fields_1' class='gform_fields top_label form_sublabel_below description_below'><li id='field_1_9'  class='gfield gfield_contains_required field_sublabel_below field_description_below gfield_visibility_visible' ><label class='gfield_label' for='input_1_9' >Fecha<span class='gfield_required'>*<\/span><\/label><div class='ginput_container ginput_container_date'>\n                            <input name='input_9' id='input_1_9' type='text' value='04\/13\/2026' class='datepicker medium mdy datepicker_no_icon'    aria-describedby='input_1_9_date_format' \/>\n                            <span id='input_1_9_date_format' class='screen-reader-text'>Formato de fecha:MM barra DD barra AAAA<\/span>\n                        <\/div>\n                        <input type='hidden' id='gforms_calendar_icon_input_1_9' class='gform_hidden' value='https:\/\/cacma.fin.ec\/wp-content\/plugins\/gravityforms\/images\/calendar.png'\/><\/li><li id='field_1_8'  class='gfield gfield_contains_required field_sublabel_below field_description_below gfield_visibility_visible' ><label class='gfield_label gfield_label_before_complex'  >Nombre<span class='gfield_required'>*<\/span><\/label><div class='ginput_complex ginput_container no_prefix has_first_name no_middle_name has_last_name no_suffix gf_name_has_2 ginput_container_name' id='input_1_8'>\n                            \n                            <span id='input_1_8_3_container' class='name_first' >\n                                                    <input type='text' name='input_8.3' id='input_1_8_3' value='' aria-label='Nombre'   aria-required=\"true\" aria-invalid=\"false\" \/>\n                                                    <label for='input_1_8_3' >Nombre<\/label>\n                                                <\/span>\n                            \n                            <span id='input_1_8_6_container' class='name_last' >\n                                                    <input type='text' name='input_8.6' id='input_1_8_6' value='' aria-label='Apellidos'   aria-required=\"true\" aria-invalid=\"false\" \/>\n                                                    <label for='input_1_8_6' >Apellidos<\/label>\n                                                <\/span>\n                            \n                        <\/div><\/li><li id='field_1_7'  class='gfield gfield_contains_required field_sublabel_below field_description_below gfield_visibility_visible' ><label class='gfield_label' for='input_1_7' >Tel\u00e9fono de contacto<span class='gfield_required'>*<\/span><\/label><div class='ginput_container ginput_container_text'><input name='input_7' id='input_1_7' type='text' value='' class='large'     aria-required=\"true\" aria-invalid=\"false\" \/><\/div><\/li>\n                            <\/ul><\/div>\n        <div class='gform_footer top_label'> <input type='submit' id='gform_submit_button_1' class='gform_button button' value='Enviar'  onclick='if(window[\"gf_submitting_1\"]){return false;}  window[\"gf_submitting_1\"]=true;  ' onkeypress='if( event.keyCode == 13 ){ if(window[\"gf_submitting_1\"]){return false;} window[\"gf_submitting_1\"]=true;  jQuery(\"#gform_1\").trigger(\"submit\",[true]); }' \/> \n            <input type='hidden' class='gform_hidden' name='is_submit_1' value='1' \/>\n            <input type='hidden' class='gform_hidden' name='gform_submit' value='1' \/>\n            \n            <input type='hidden' class='gform_hidden' name='gform_unique_id' value='' \/>\n            <input type='hidden' class='gform_hidden' name='state_1' value='WyJbXSIsIjM1Njc3MzViYzI4YmM0NGE0MzhkMmU4NTM2ODQ2ZWI5Il0=' \/>\n            <input type='hidden' class='gform_hidden' name='gform_target_page_number_1' id='gform_target_page_number_1' value='0' \/>\n            <input type='hidden' class='gform_hidden' name='gform_source_page_number_1' id='gform_source_page_number_1' value='1' \/>\n            <input type='hidden' name='gform_field_values' value='' \/>\n            \n        <\/div>\n                        <\/form>\n                        <\/div><script type='text\/javascript'> jQuery(document).bind('gform_post_render', function(event, formId, currentPage){if(formId == 1) {} } );jQuery(document).bind('gform_post_conditional_logic', function(event, formId, fields, isInit){} );<\/script><script type='text\/javascript'> jQuery(document).ready(function(){jQuery(document).trigger('gform_post_render', [1, 1]) } ); <\/script><\/div>\n\t\t\t\t<\/div>\n\t\t\t\t<\/div>\n\t\t\t\t\t\t<\/div>\n\t\t\t\t\t<\/div>\n\t\t<\/div>\n\t\t\t\t\t\t\t\t<\/div>\n\t\t\t\t\t<\/div>\n\t\t<\/section>\n\t\t\t\t<div class=\"elementor-element elementor-element-2b28538 elementor-widget elementor-widget-html\" data-id=\"2b28538\" data-element_type=\"widget\" data-widget_type=\"html.default\">\n\t\t\t\t<div class=\"elementor-widget-container\">\n\t\t\t<!DOCTYPE html>\r\n<html lang=\"es\">\r\n\r\n<head>\r\n    <meta charset=\"UTF-8\">\r\n    <meta name=\"viewport\" content=\"width=device-width, initial-scale=1.0\">\r\n    <meta http-equiv=\"X-UA-Compatible\" content=\"ie=edge\">\r\n    <title>M\u00e9todo amortizaci\u00f3n franc\u00e9s<\/title>\r\n\r\n<\/head>\r\n\r\n<!-- llamada a bootstrap -->\r\n<link rel=\"stylesheet\" href=\"https:\/\/stackpath.bootstrapcdn.com\/bootstrap\/4.3.1\/css\/bootstrap.min.css\"\r\n    integrity=\"sha384-ggOyR0iXCbMQv3Xipma34MD+dH\/1fQ784\/j6cY\/iJTQUOhcWr7x9JvoRxT2MZw1T\" crossorigin=\"anonymous\">\r\n\r\n<body>\r\n    <div class=\"container\">\r\n        <div class=\"row mt-3\">\r\n            <div class=\"col-3\">\r\n\r\n                <div class=\"card border-danger mb-3\" style=\"max-width: 40rem;\">\r\n                  <div class=\"card-header\">Simulador de Cr\u00e9dito<\/div>\r\n                  <div class=\"card-body text-danger\">\r\n                    <h6 class=\"card-title\">Calcula tu cuota mensual:<\/h6>\r\n                    <p class=\"card-text\">\r\n                        <div class=\"form-group\">\r\n                            <label for=\"monto\">Monto del Cr\u00e9dito ($)<\/label>\r\n                            <input type=\"number\" class=\"form-control\" id=\"monto\" value=\"2001\" min=\"2001\" max=\"12000\" placeholder=\"Por favor, escriba un n\u00famero entre 2001 y 12000.\">\r\n                        <\/div>\r\n                        <div class=\"form-group\">\r\n                            <label for=\"tiempo\">Plazo de Tiempo (meses)<\/label>\r\n                            <input type=\"number\" class=\"form-control\" id=\"tiempo\" value=\"18\" min=\"18\" max=\"60\" placeholder=\"Por favor, escriba un n\u00famero entre 18 y 60.\">\r\n                        <\/div>\r\n                        <button type=\"submit\" class=\"btn btn-danger btn-sm btn-block\" id=\"btnCalcular\">Calcular<\/button>\r\n                        <br>\r\n                        <button type=\"submit\" class=\"btn btn-secondary btn-sm btn-block\" id=\"btnDescargarPDF\"  onclick=\"printPage()\">Imprimir<\/button>\r\n                    <\/p>\r\n                  <\/div>\r\n                <\/div> \r\n\r\n                 <script type=\"text\/javascript\" language=\"javascript1.2\">\r\n                    <!--\r\n                    function printPage()\r\n                    {\r\n                        \r\n                        document.getElementById('btnDescargarPDF').style.visibility = 'hidden';\r\n                        \/\/ Do print the page\r\n                        if (typeof(window.print) != 'undefined') {\r\n                            window.print();\r\n                        }\r\n                        document.getElementById('btnDescargarPDF').style.visibility = '';\r\n                    }\r\n                    \/\/-->\r\n                <\/script>\r\n            <\/div>\r\n\r\n\r\n            <div class=\"col-9\">\r\n                <h2>Tabla de Amortizaci\u00f3n<\/h2>\r\n                <table id=\"lista-tabla\" class=\"table\">\r\n                    <thead>\r\n                        <tr>\r\n                            <th>N\u00b0<\/th>   \r\n                            <th>Fecha L\u00edmite<\/th>                         \r\n                            <th>Saldo<\/th>\r\n                            <th>Capital<\/th>\r\n                            <th>Inter\u00e9s<\/th>\r\n                            <th>Seguro<\/th>\r\n                            <th>Cuota<\/th>\r\n                            <th>Valor Pagar<\/th>\r\n                            <th>Plazo (D\u00edas)<\/th>\r\n                        <\/tr>\r\n                    <\/thead>\r\n                    <tbody><\/tbody>\r\n                <\/table>\r\n            <\/div>\r\n        <\/div>\r\n\r\n    <\/div>\r\n\r\n<script type=\"text\/javascript\" language=\"javascript1.2\">\r\n    \r\nconst monto = document.getElementById('monto');\r\nconst tiempo = document.getElementById('tiempo');\r\nconst btnCalcular = document.getElementById('btnCalcular');\r\nconst llenarTabla = document.querySelector('#lista-tabla tbody');\r\nconst amortizacion = [];\r\n\r\nbtnCalcular.addEventListener('click', () => {\r\n    calcularCuota(monto.value, tiempo.value);\r\n})\r\n\r\nfunction calcularCuota(monto, tiempo){\r\n\r\n    while(llenarTabla.firstChild){\r\n        llenarTabla.removeChild(llenarTabla.firstChild);\r\n    }\r\n\r\n    let fechas = [], dias = [];\r\n    let interes = 0.12, tasa = 0.01, seguro = 0.0614;    \r\n    let pagoInteres=0, pagoCapital = 0, pagoSeguro =0, cuota = 0, saldo = 0, valorPagar = 0;\r\n    var plazo = 30;\r\n\r\n    let date = new Date();\r\n\r\n    let day = date.getDate();\r\n    let month = date.getMonth(date.setMonth(date.getMonth()+2));\r\n    let year = date.getFullYear();\r\n\r\n    cuota = parseFloat(tasa*Math.pow((1+tasa),tiempo)*monto\/((Math.pow((1+tasa),tiempo))-1));\r\n\r\n    for(let i = 1; i <= tiempo; i++) {\r\n\r\n        \/\/Formato fechas\r\n        if(month < 10 && month >= 1){\r\n           fechas[i] = `${day}-0${month}-${year}`;           \r\n        }else{\r\n            if(month == 0){\r\n                fechas[i] = `${day}-${12}-${year-1}`;\r\n            }else{\r\n                fechas[i] = `${day}-${month}-${year}`;\r\n            }\r\n        }\r\n        saldo =  parseFloat(monto);\r\n        pagoInteres =  parseFloat(saldo*interes*plazo\/360);\r\n        capital =  parseFloat(cuota - pagoInteres);\r\n        pagoSeguro =  parseFloat(pagoInteres*seguro);\r\n        valorPagar =  parseFloat(cuota+pagoSeguro);\r\n\r\n        monto = parseFloat(saldo-capital);\r\n\r\n        date.setMonth(date.getMonth()+1);\r\n        day = date.getDate();\r\n        month = date.getMonth();\r\n        year = date.getFullYear();\r\n\r\n\r\n        let fila = {\r\n            n_cuota: i,\r\n            fechas: fechas[i],\r\n            saldo: saldo,\r\n            capital: capital,\r\n            interes: pagoInteres,\r\n            pagoSeguro: pagoSeguro,\r\n            cuota: cuota,\r\n            valorPagar: valorPagar,\r\n            plazo: plazo\r\n        };\r\n        amortizacion.push(fila);\r\n\r\n        const row = document.createElement('tr');\r\n        row.innerHTML = `\r\n            <td class=\"n_cuota\">${i}<\/td>\r\n            <td class=\"fechas\">${fechas[i]}<\/td>\r\n            <td class=\"saldo\">${saldo.toFixed(2)}<\/td>\r\n            <td class=\"capital\">${capital.toFixed(2)}<\/td>\r\n            <td class=\"pagoInteres\">${pagoInteres.toFixed(2)}<\/td>\r\n            <td class=\"pagoSeguro\">${pagoSeguro.toFixed(2)}<\/td>\r\n            <td class=\"cuota\">${cuota.toFixed(2)}<\/td>\r\n            <td class=\"valorPagar\">${valorPagar.toFixed(2)}<\/td>\r\n            <td class=\"plazo\">${plazo}<\/td>\r\n        `;\r\n        llenarTabla.appendChild(row)    \r\n    }\r\n}\r\n\r\n\r\n<\/script>\r\n\r\n\r\n    <!-- llamada a bootstrap -->\r\n\r\n    <script src=\"https:\/\/code.jquery.com\/jquery-3.3.1.slim.min.js\"\r\n        integrity=\"sha384-q8i\/X+965DzO0rT7abK41JStQIAqVgRVzpbzo5smXKp4YfRvH+8abtTE1Pi6jizo\"\r\n        crossorigin=\"anonymous\"><\/script>\r\n    <script src=\"https:\/\/cdnjs.cloudflare.com\/ajax\/libs\/popper.js\/1.14.7\/umd\/popper.min.js\"\r\n        integrity=\"sha384-UO2eT0CpHqdSJQ6hJty5KVphtPhzWj9WO1clHTMGa3JDZwrnQq4sF86dIHNDz0W1\"\r\n        crossorigin=\"anonymous\"><\/script>\r\n    <script src=\"https:\/\/stackpath.bootstrapcdn.com\/bootstrap\/4.3.1\/js\/bootstrap.min.js\"\r\n        integrity=\"sha384-JjSmVgyd0p3pXB1rRibZUAYoIIy6OrQ6VrjIEaFf\/nJGzIxFDsf4x0xIM+B07jRM\"\r\n        crossorigin=\"anonymous\"><\/script>\r\n\r\n<\/body>\r\n\r\n<\/html>\r\n\t\t<\/div>\n\t\t\t\t<\/div>\n\t\t\t\t\t\t<\/div>\n\t\t\t\t\t<\/div>\n\t\t<\/div>\n\t\t\t\t\t\t\t\t<\/div>\n\t\t\t\t\t<\/div>\n\t\t<\/section>\n\t\t\t\t\t\t\t\t\t<\/div>\n\t\t\t<\/div>\n\t\t\t\t\t<\/div>\n\t\t","protected":false},"excerpt":{"rendered":"<p>CR\u00c9DITO de consumo PLAZO FIJO Montos desde $100,00 hasta $2000.00 Plazo: 90 d\u00edas. Tasa de inter\u00e9s: 14% \u00a1PREGUNTA YA! CR\u00c9DITO de consumo ORDINARIO Montos desde $100,00 hasta $12000.00 Tasa de inter\u00e9s: 12% M\u00e9todo amortizaci\u00f3n franc\u00e9s Simulador de Cr\u00e9dito Calcula tu cuota mensual: Monto del Cr\u00e9dito ($) Plazo de Tiempo (meses) Calcular Imprimir Tabla de Amortizaci\u00f3n &hellip;<\/p>\n<p class=\"read-more\"> <a class=\"\" href=\"https:\/\/cacma.fin.ec\/?page_id=897\"> <span class=\"screen-reader-text\">Cr\u00e9ditos<\/span> Leer m\u00e1s &raquo;<\/a><\/p>\n","protected":false},"author":1,"featured_media":0,"parent":0,"menu_order":4,"comment_status":"closed","ping_status":"closed","template":"","meta":{"_joinchat":[]},"_links":{"self":[{"href":"https:\/\/cacma.fin.ec\/index.php?rest_route=\/wp\/v2\/pages\/897"}],"collection":[{"href":"https:\/\/cacma.fin.ec\/index.php?rest_route=\/wp\/v2\/pages"}],"about":[{"href":"https:\/\/cacma.fin.ec\/index.php?rest_route=\/wp\/v2\/types\/page"}],"author":[{"embeddable":true,"href":"https:\/\/cacma.fin.ec\/index.php?rest_route=\/wp\/v2\/users\/1"}],"replies":[{"embeddable":true,"href":"https:\/\/cacma.fin.ec\/index.php?rest_route=%2Fwp%2Fv2%2Fcomments&post=897"}],"version-history":[{"count":194,"href":"https:\/\/cacma.fin.ec\/index.php?rest_route=\/wp\/v2\/pages\/897\/revisions"}],"predecessor-version":[{"id":1865,"href":"https:\/\/cacma.fin.ec\/index.php?rest_route=\/wp\/v2\/pages\/897\/revisions\/1865"}],"wp:attachment":[{"href":"https:\/\/cacma.fin.ec\/index.php?rest_route=%2Fwp%2Fv2%2Fmedia&parent=897"}],"curies":[{"name":"wp","href":"https:\/\/api.w.org\/{rel}","templated":true}]}}